{"id":6642,"date":"2023-10-03T20:49:06","date_gmt":"2023-10-03T20:49:06","guid":{"rendered":"https:\/\/www.darumasushiantofagasta.cl\/menu\/?post_type=product&#038;p=6642"},"modified":"2025-10-17T17:07:30","modified_gmt":"2025-10-17T20:07:30","slug":"gyosas-pe","status":"publish","type":"product","link":"https:\/\/www.darumasushiantofagasta.cl\/menu\/producto\/gyosas-pe\/","title":{"rendered":"GYOSAS.PE"},"content":{"rendered":"<p>gyosas selladas ligeramente al aceite de s\u00e9samo; sobre una salsa especial de la casa, brotes de soya y reducci\u00f3n bals\u00e1mica<\/p>\n","protected":false},"excerpt":{"rendered":"<p>gyosas selladas ligeramente al aceite de s\u00e9samo; sobre una salsa especial de la casa, brotes de soya y reducci\u00f3n bals\u00e1mica<\/p>\n","protected":false},"featured_media":6253,"template":"","meta":[],"product_brand":[],"product_cat":[200],"product_tag":[],"class_list":{"0":"post-6642","1":"product","2":"type-product","3":"status-publish","4":"has-post-thumbnail","6":"product_cat-platos-calientes","7":"tm-has-options","9":"first","10":"instock","11":"shipping-taxable","12":"purchasable","13":"product-type-simple"},"_links":{"self":[{"href":"https:\/\/www.darumasushiantofagasta.cl\/menu\/wp-json\/wp\/v2\/product\/6642","targetHints":{"allow":["GET"]}}],"collection":[{"href":"https:\/\/www.darumasushiantofagasta.cl\/menu\/wp-json\/wp\/v2\/product"}],"about":[{"href":"https:\/\/www.darumasushiantofagasta.cl\/menu\/wp-json\/wp\/v2\/types\/product"}],"wp:featuredmedia":[{"embeddable":true,"href":"https:\/\/www.darumasushiantofagasta.cl\/menu\/wp-json\/wp\/v2\/media\/6253"}],"wp:attachment":[{"href":"https:\/\/www.darumasushiantofagasta.cl\/menu\/wp-json\/wp\/v2\/media?parent=6642"}],"wp:term":[{"taxonomy":"product_brand","embeddable":true,"href":"https:\/\/www.darumasushiantofagasta.cl\/menu\/wp-json\/wp\/v2\/product_brand?post=6642"},{"taxonomy":"product_cat","embeddable":true,"href":"https:\/\/www.darumasushiantofagasta.cl\/menu\/wp-json\/wp\/v2\/product_cat?post=6642"},{"taxonomy":"product_tag","embeddable":true,"href":"https:\/\/www.darumasushiantofagasta.cl\/menu\/wp-json\/wp\/v2\/product_tag?post=6642"}],"curies":[{"name":"wp","href":"https:\/\/api.w.org\/{rel}","templated":true}]}}