{"id":6608,"date":"2023-10-03T20:48:57","date_gmt":"2023-10-03T20:48:57","guid":{"rendered":"https:\/\/www.darumasushiantofagasta.cl\/menu\/?post_type=product&#038;p=6608"},"modified":"2025-01-09T20:49:59","modified_gmt":"2025-01-09T23:49:59","slug":"mhono","status":"publish","type":"product","link":"https:\/\/www.darumasushiantofagasta.cl\/menu\/producto\/mhono\/","title":{"rendered":"MHONO"},"content":{"rendered":"<p>Trae de relleno camar\u00f3n cocido tiras de palta ceboll\u00edn, envuelto en l\u00e1minas de pl\u00e1tano maduro frito, y con una salsa criolla al aj\u00ed amarillo como topping<\/p>\n","protected":false},"excerpt":{"rendered":"<p>Trae de relleno camar\u00f3n cocido tiras de palta ceboll\u00edn, envuelto en l\u00e1minas de pl\u00e1tano maduro frito, y con una salsa criolla al aj\u00ed amarillo como topping<\/p>\n","protected":false},"featured_media":6253,"template":"","meta":[],"product_brand":[],"product_cat":[198,197],"product_tag":[],"class_list":{"0":"post-6608","1":"product","2":"type-product","3":"status-publish","4":"has-post-thumbnail","6":"product_cat-maki-rolls","7":"product_cat-roll-a-la-carta","8":"tm-has-options","10":"first","11":"instock","12":"shipping-taxable","13":"purchasable","14":"product-type-simple"},"_links":{"self":[{"href":"https:\/\/www.darumasushiantofagasta.cl\/menu\/wp-json\/wp\/v2\/product\/6608","targetHints":{"allow":["GET"]}}],"collection":[{"href":"https:\/\/www.darumasushiantofagasta.cl\/menu\/wp-json\/wp\/v2\/product"}],"about":[{"href":"https:\/\/www.darumasushiantofagasta.cl\/menu\/wp-json\/wp\/v2\/types\/product"}],"wp:featuredmedia":[{"embeddable":true,"href":"https:\/\/www.darumasushiantofagasta.cl\/menu\/wp-json\/wp\/v2\/media\/6253"}],"wp:attachment":[{"href":"https:\/\/www.darumasushiantofagasta.cl\/menu\/wp-json\/wp\/v2\/media?parent=6608"}],"wp:term":[{"taxonomy":"product_brand","embeddable":true,"href":"https:\/\/www.darumasushiantofagasta.cl\/menu\/wp-json\/wp\/v2\/product_brand?post=6608"},{"taxonomy":"product_cat","embeddable":true,"href":"https:\/\/www.darumasushiantofagasta.cl\/menu\/wp-json\/wp\/v2\/product_cat?post=6608"},{"taxonomy":"product_tag","embeddable":true,"href":"https:\/\/www.darumasushiantofagasta.cl\/menu\/wp-json\/wp\/v2\/product_tag?post=6608"}],"curies":[{"name":"wp","href":"https:\/\/api.w.org\/{rel}","templated":true}]}}