{"id":6605,"date":"2023-10-03T20:48:56","date_gmt":"2023-10-03T20:48:56","guid":{"rendered":"https:\/\/www.darumasushiantofagasta.cl\/menu\/?post_type=product&#038;p=6605"},"modified":"2025-01-09T20:49:58","modified_gmt":"2025-01-09T23:49:58","slug":"osake-roll","status":"publish","type":"product","link":"https:\/\/www.darumasushiantofagasta.cl\/menu\/producto\/osake-roll\/","title":{"rendered":"OSAKE ROll"},"content":{"rendered":"<p>camar\u00f3n panko y tiras de palta cubierta de l\u00e1minas de salm\u00f3n; sellado al batayaki al estilo Meuniere con alcaparras y su toque c\u00edtrico<\/p>\n","protected":false},"excerpt":{"rendered":"<p>camar\u00f3n panko y tiras de palta cubierta de l\u00e1minas de salm\u00f3n; sellado al batayaki al estilo Meuniere con alcaparras y su toque c\u00edtrico<\/p>\n","protected":false},"featured_media":6566,"template":"","meta":[],"product_brand":[],"product_cat":[198,197],"product_tag":[],"class_list":{"0":"post-6605","1":"product","2":"type-product","3":"status-publish","4":"has-post-thumbnail","6":"product_cat-maki-rolls","7":"product_cat-roll-a-la-carta","8":"tm-has-options","10":"first","11":"instock","12":"shipping-taxable","13":"purchasable","14":"product-type-simple"},"_links":{"self":[{"href":"https:\/\/www.darumasushiantofagasta.cl\/menu\/wp-json\/wp\/v2\/product\/6605","targetHints":{"allow":["GET"]}}],"collection":[{"href":"https:\/\/www.darumasushiantofagasta.cl\/menu\/wp-json\/wp\/v2\/product"}],"about":[{"href":"https:\/\/www.darumasushiantofagasta.cl\/menu\/wp-json\/wp\/v2\/types\/product"}],"wp:featuredmedia":[{"embeddable":true,"href":"https:\/\/www.darumasushiantofagasta.cl\/menu\/wp-json\/wp\/v2\/media\/6566"}],"wp:attachment":[{"href":"https:\/\/www.darumasushiantofagasta.cl\/menu\/wp-json\/wp\/v2\/media?parent=6605"}],"wp:term":[{"taxonomy":"product_brand","embeddable":true,"href":"https:\/\/www.darumasushiantofagasta.cl\/menu\/wp-json\/wp\/v2\/product_brand?post=6605"},{"taxonomy":"product_cat","embeddable":true,"href":"https:\/\/www.darumasushiantofagasta.cl\/menu\/wp-json\/wp\/v2\/product_cat?post=6605"},{"taxonomy":"product_tag","embeddable":true,"href":"https:\/\/www.darumasushiantofagasta.cl\/menu\/wp-json\/wp\/v2\/product_tag?post=6605"}],"curies":[{"name":"wp","href":"https:\/\/api.w.org\/{rel}","templated":true}]}}